{"id":28,"date":"2021-06-04T09:55:32","date_gmt":"2021-06-04T12:55:32","guid":{"rendered":"https:\/\/bigodegames.com.br\/?page_id=28"},"modified":"2022-04-14T12:01:46","modified_gmt":"2022-04-14T15:01:46","slug":"equipe-bigode-games-quem-somos","status":"publish","type":"page","link":"https:\/\/bigodegames.com.br\/index.php\/equipe-bigode-games-quem-somos\/","title":{"rendered":"Quem Somos"},"content":{"rendered":"\n<div style=\"height:20px\" aria-hidden=\"true\" class=\"wp-block-spacer\"><\/div>\n\n\n\n<section class=\"wp-block-uagb-section uagb-section__wrap uagb-section__background-image uagb-block-93482a12\"><div class=\"uagb-section__overlay\"><\/div><div class=\"uagb-section__inner-wrap\">\n<div class=\"wp-block-uagb-info-box uagb-infobox__outer-wrap uagb-block-15eda83b\"><div class=\"uagb-infobox__content-wrap uagb-infobox uagb-infobox-has-icon uagb-infobox-icon-above-title uagb-infobox-image-valign-top uagb-infobox-enable-border-radius \"><div class=\"uagb-ifb-left-right-wrap\"><div class=\"uagb-ifb-content\"><div class=\"uagb-ifb-title-wrap\"><h1 class=\"uagb-ifb-title\">SOBRE A BIGODE GAMES &#8211; QUEM SOMOS<br><\/h1><\/div><div class=\"uagb-ifb-text-wrap\"><p class=\"uagb-ifb-desc\"><br>A Bigode Games \u00e9 um local onde celebramos os videogames como um estilo de vida.<br><br>Embora o nome Bigode Games tenha surgido de uma homenagem a um apelido dado a uma locadora da regi\u00e3o, n\u00e3o \u00e9 um local criado apenas para curtir a nostalgia, falar somente sobre o passado.<br><br>\u00c9 um local para falarmos de tudo o que envolve videogames, seja no passado, presente ou futuro!<br><br>A Bigode Games \u00e9 tamb\u00e9m uma humilde colabora\u00e7\u00e3o com a comunidade gamer, trazendo em sua base o objetivo de manter forte este esp\u00edrito de uni\u00e3o, alegria, amizade e companheirismo que surgiu nas locadoras, tomou outras formas, mas continuou existindo.<br><br>Aquele local onde ap\u00f3s um dia dif\u00edcil no trabalho, na escola ou na rotina di\u00e1ria, deixamos as preocupa\u00e7\u00f5es de lado por um tempo. Para reencontrarmos nossos amigos, para conhecermos pessoas novas e tornarmos ainda mais real aquela divers\u00e3o do mundo virtual.<\/p><\/div><\/div><\/div><\/div><\/div>\n<\/div><\/section>\n\n\n\n<section class=\"wp-block-uagb-section uagb-section__wrap uagb-section__background-undefined uagb-block-0cdb9876\"><div class=\"uagb-section__overlay\"><\/div><div class=\"uagb-section__inner-wrap\">\n<div class=\"wp-block-uagb-info-box uagb-infobox__outer-wrap uagb-block-cd504275\"><div class=\"uagb-infobox__content-wrap uagb-infobox uagb-infobox-has-icon uagb-infobox-icon-above-title uagb-infobox-image-valign-top uagb-infobox-enable-border-radius \"><div class=\"uagb-ifb-left-right-wrap\"><div class=\"uagb-ifb-content\"><div class=\"uagb-ifb-title-wrap\"><h2 class=\"uagb-ifb-title\">CAPIT\u00c3O BARRY<\/h2><\/div><div class=\"uagb-ifb-text-wrap\"><\/div><\/div><\/div><\/div><\/div>\n\n\n\n<div class=\"wp-block-image is-style-rounded\"><figure class=\"aligncenter size-large\"><img decoding=\"async\" width=\"320\" height=\"320\" src=\"https:\/\/bigodegames.com.br\/wp-content\/uploads\/2021\/06\/Capitao_Barry.png\" alt=\"\" class=\"wp-image-43\" title=\"Perfil Capitao Barry\" srcset=\"https:\/\/bigodegames.com.br\/wp-content\/uploads\/2021\/06\/Capitao_Barry.png 320w, https:\/\/bigodegames.com.br\/wp-content\/uploads\/2021\/06\/Capitao_Barry-300x300.png 300w, https:\/\/bigodegames.com.br\/wp-content\/uploads\/2021\/06\/Capitao_Barry-150x150.png 150w\" sizes=\"(max-width: 320px) 100vw, 320px\" \/><\/figure><\/div>\n\n\n\n<div style=\"height:20px\" aria-hidden=\"true\" class=\"wp-block-spacer\"><\/div>\n\n\n\n<p class=\"has-text-align-center\">Ol\u00e1!<\/p>\n\n\n\n<p class=\"has-text-align-center\">Muito prazer, sou Barry, o criador e idealizador da iniciativa Bigode Games.<br><\/p>\n\n\n\n<p class=\"has-text-align-center\">Barry n\u00e3o \u00e9 meu nome real e sim um apelido. Utilizei este apelido para criar o personagem Capit\u00e3o Barry, que simboliza esta iniciativa e me representa como um avatar dentro deste site.<\/p>\n\n\n\n<p class=\"has-text-align-center\">Ainda que tenha optado por utilizar um avatar ao inv\u00e9s de minha pr\u00f3pria foto, esta op\u00e7\u00e3o tem a ver apenas com a cria\u00e7\u00e3o da marca e do personagem.<\/p>\n\n\n\n<p class=\"has-text-align-center\">Todo o conte\u00fado \u00e9 produzido com carinho e dedica\u00e7\u00e3o por algu\u00e9m real, com motiva\u00e7\u00f5es verdadeiras.<\/p>\n\n\n\n<p class=\"has-text-align-center\">Provavelmente aqui no site voc\u00ea n\u00e3o me ver\u00e1, mas quem sabe em nossas redes sociais apare\u00e7am algumas informa\u00e7\u00f5es sobre os nossos bastidores de vez em quando.<\/p>\n\n\n\n<p class=\"has-text-align-center\">Ent\u00e3o caso voc\u00ea esteja curioso, \u00e9 mais um motivo para seguir a Bigode Games nas redes sociais!<\/p>\n<\/div><\/section>\n","protected":false},"excerpt":{"rendered":"","protected":false},"author":1,"featured_media":0,"parent":0,"menu_order":0,"comment_status":"closed","ping_status":"closed","template":"","meta":{"_uag_custom_page_level_css":"","site-sidebar-layout":"default","site-content-layout":"page-builder","ast-site-content-layout":"default","site-content-style":"default","site-sidebar-style":"default","ast-global-header-display":"","ast-banner-title-visibility":"","ast-main-header-display":"","ast-hfb-above-header-display":"","ast-hfb-below-header-display":"","ast-hfb-mobile-header-display":"","site-post-title":"disabled","ast-breadcrumbs-content":"","ast-featured-img":"","footer-sml-layout":"","ast-disable-related-posts":"","theme-transparent-header-meta":"default","adv-header-id-meta":"","stick-header-meta":"","header-above-stick-meta":"","header-main-stick-meta":"","header-below-stick-meta":"","astra-migrate-meta-layouts":"default","ast-page-background-enabled":"default","ast-page-background-meta":{"desktop":{"background-color":"","background-image":"","background-repeat":"repeat","background-position":"center center","background-size":"auto","background-attachment":"scroll","background-type":"","background-media":"","overlay-type":"","overlay-color":"","overlay-opacity":"","overlay-gradient":""},"tablet":{"background-color":"","background-image":"","background-repeat":"repeat","background-position":"center center","background-size":"auto","background-attachment":"scroll","background-type":"","background-media":"","overlay-type":"","overlay-color":"","overlay-opacity":"","overlay-gradient":""},"mobile":{"background-color":"","background-image":"","background-repeat":"repeat","background-position":"center center","background-size":"auto","background-attachment":"scroll","background-type":"","background-media":"","overlay-type":"","overlay-color":"","overlay-opacity":"","overlay-gradient":""}},"ast-content-background-meta":{"desktop":{"background-color":"var(--ast-global-color-5)","background-image":"","background-repeat":"repeat","background-position":"center center","background-size":"auto","background-attachment":"scroll","background-type":"","background-media":"","overlay-type":"","overlay-color":"","overlay-opacity":"","overlay-gradient":""},"tablet":{"background-color":"var(--ast-global-color-5)","background-image":"","background-repeat":"repeat","background-position":"center center","background-size":"auto","background-attachment":"scroll","background-type":"","background-media":"","overlay-type":"","overlay-color":"","overlay-opacity":"","overlay-gradient":""},"mobile":{"background-color":"var(--ast-global-color-5)","background-image":"","background-repeat":"repeat","background-position":"center center","background-size":"auto","background-attachment":"scroll","background-type":"","background-media":"","overlay-type":"","overlay-color":"","overlay-opacity":"","overlay-gradient":""}},"footnotes":""},"class_list":["post-28","page","type-page","status-publish","hentry"],"uagb_featured_image_src":{"full":false,"thumbnail":false,"medium":false,"medium_large":false,"large":false,"1536x1536":false,"2048x2048":false,"crp_thumbnail":false},"uagb_author_info":{"display_name":"Reda\u00e7\u00e3o Bigode Games","author_link":"https:\/\/bigodegames.com.br\/author\/ultrabigodegmail-com\/"},"uagb_comment_info":0,"uagb_excerpt":null,"_links":{"self":[{"href":"https:\/\/bigodegames.com.br\/index.php\/wp-json\/wp\/v2\/pages\/28","targetHints":{"allow":["GET"]}}],"collection":[{"href":"https:\/\/bigodegames.com.br\/index.php\/wp-json\/wp\/v2\/pages"}],"about":[{"href":"https:\/\/bigodegames.com.br\/index.php\/wp-json\/wp\/v2\/types\/page"}],"author":[{"embeddable":true,"href":"https:\/\/bigodegames.com.br\/index.php\/wp-json\/wp\/v2\/users\/1"}],"replies":[{"embeddable":true,"href":"https:\/\/bigodegames.com.br\/index.php\/wp-json\/wp\/v2\/comments?post=28"}],"version-history":[{"count":0,"href":"https:\/\/bigodegames.com.br\/index.php\/wp-json\/wp\/v2\/pages\/28\/revisions"}],"wp:attachment":[{"href":"https:\/\/bigodegames.com.br\/index.php\/wp-json\/wp\/v2\/media?parent=28"}],"curies":[{"name":"wp","href":"https:\/\/api.w.org\/{rel}","templated":true}]}}