{"id":20,"date":"2021-06-03T16:26:41","date_gmt":"2021-06-03T19:26:41","guid":{"rendered":"https:\/\/bigodegames.com.br\/?page_id=20"},"modified":"2021-08-11T19:31:28","modified_gmt":"2021-08-11T22:31:28","slug":"blog-bigode-games","status":"publish","type":"page","link":"https:\/\/bigodegames.com.br\/index.php\/blog-bigode-games\/","title":{"rendered":"Reda\u00e7\u00e3o Bigode Games"},"content":{"rendered":"\n<div style=\"height:50px\" aria-hidden=\"true\" class=\"wp-block-spacer\"><\/div>\n\n\n\n<section class=\"wp-block-uagb-section uagb-section__wrap uagb-section__background-undefined uagb-block-b225e699\"><div class=\"uagb-section__overlay\"><\/div><div class=\"uagb-section__inner-wrap\">\n<h1 class=\"has-text-align-center wp-block-heading\">Nossas mat\u00e9rias, an\u00e1lises e hist\u00f3rias est\u00e3o aqui!<\/h1>\n<\/div><\/section>\n\n\n\n<div style=\"height:50px\" aria-hidden=\"true\" class=\"wp-block-spacer\"><\/div>\n\n\n\n<section class=\"wp-block-uagb-section uagb-section__wrap uagb-section__background-image uagb-block-7d7b62fa\"><div class=\"uagb-section__overlay\"><\/div><div class=\"uagb-section__inner-wrap\">\n<div class=\"wp-block-uagb-info-box uagb-infobox__outer-wrap uagb-block-2a5df7d2\"><div class=\"uagb-infobox__content-wrap uagb-infobox uagb-infobox-has-icon uagb-infobox-icon-above-title uagb-infobox-image-valign-top uagb-infobox-enable-border-radius \"><div class=\"uagb-ifb-left-right-wrap\"><div class=\"uagb-ifb-content\"><div class=\"uagb-ifb-title-wrap\"><h2 class=\"uagb-ifb-title\">DIRETAMENTE DA REDA\u00c7\u00c3O BIGODE GAMES<\/h2><\/div><div class=\"uagb-ifb-text-wrap\"><\/div><\/div><\/div><\/div><\/div>\n\n\n\n\t\t\t<div class=\"wp-block-uagb-post-grid uagb-post-grid  uagb-post__image-position-top uagb-post__image-enabled uagb-block-ef463f6c     uagb-post__items uagb-post__columns-3 is-grid uagb-post__columns-tablet-2 uagb-post__columns-mobile-1 uagb-post__equal-height\" data-total=\"18\" style=\"\">\n\n\t\t\t\t\t\t\t\t\t\t\t\t<article class=\"uagb-post__inner-wrap\">\t\t\t\t\t\t\t\t<div class='uagb-post__image'>\n\t\t\t\t\t\t\t\t\t<a href=\"https:\/\/bigodegames.com.br\/index.php\/2024\/12\/17\/bg-awards-2024\/\" target=\"_self\" rel=\"bookmark noopener noreferrer\" class='uagb-image-ratio-inherit'><img decoding=\"async\" width=\"704\" height=\"396\" src=\"https:\/\/bigodegames.com.br\/wp-content\/uploads\/2024\/12\/Bigode_Games_Awards_2024.jpg\" class=\"attachment-large size-large\" alt=\"Capa do Bigode Games Awards 2024\" srcset=\"https:\/\/bigodegames.com.br\/wp-content\/uploads\/2024\/12\/Bigode_Games_Awards_2024.jpg 704w, https:\/\/bigodegames.com.br\/wp-content\/uploads\/2024\/12\/Bigode_Games_Awards_2024-300x169.jpg 300w\" sizes=\"(max-width: 704px) 100vw, 704px\" \/>\t\t\t\t\t<\/a>\n\t\t\t\t\t\t\t<\/div>\n\t\t\t\t\t\t<h4 class=\"uagb-post__title uagb-post__text\">\n\t\t\t\t<a href=\"https:\/\/bigodegames.com.br\/index.php\/2024\/12\/17\/bg-awards-2024\/\" target=\"_self\" rel=\"bookmark noopener noreferrer\">Bigode Games Awards 2024<\/a>\n\t\t\t<\/h4>\n\t\t\t\t\t\t<div class='uagb-post__text uagb-post-grid-byline'>\n\t\t\t\t\t\t\t<\/div>\n\t\t\t\t\t\t\t<div class='uagb-post__text uagb-post__excerpt'>\n\t\t\t\t\tSejam todos bem-vindos \u00e0 quarta edi\u00e7\u00e3o do BGA: Bigode Games Awards 2024!\t\t\t\t<\/div>\n\t\t\t\n\t\t\t\t\t\t\t\t\t<\/article>\n\t\t\t\t\t\t\t\t\t\t\t\t\t\t\t\t<article class=\"uagb-post__inner-wrap\">\t\t\t\t\t\t\t\t<div class='uagb-post__image'>\n\t\t\t\t\t\t\t\t\t<a href=\"https:\/\/bigodegames.com.br\/index.php\/2024\/10\/15\/dead-rising-1\/\" target=\"_self\" rel=\"bookmark noopener noreferrer\" class='uagb-image-ratio-inherit'><img decoding=\"async\" width=\"704\" height=\"396\" src=\"https:\/\/bigodegames.com.br\/wp-content\/uploads\/2024\/10\/Dead_Rising_Capa.jpg\" class=\"attachment-large size-large\" alt=\"Capa de Dead Rising 1\" srcset=\"https:\/\/bigodegames.com.br\/wp-content\/uploads\/2024\/10\/Dead_Rising_Capa.jpg 704w, https:\/\/bigodegames.com.br\/wp-content\/uploads\/2024\/10\/Dead_Rising_Capa-300x169.jpg 300w\" sizes=\"(max-width: 704px) 100vw, 704px\" \/>\t\t\t\t\t<\/a>\n\t\t\t\t\t\t\t<\/div>\n\t\t\t\t\t\t<h4 class=\"uagb-post__title uagb-post__text\">\n\t\t\t\t<a href=\"https:\/\/bigodegames.com.br\/index.php\/2024\/10\/15\/dead-rising-1\/\" target=\"_self\" rel=\"bookmark noopener noreferrer\">Dead Rising &#8211; Um Cl\u00e1ssico Absoluto<\/a>\n\t\t\t<\/h4>\n\t\t\t\t\t\t<div class='uagb-post__text uagb-post-grid-byline'>\n\t\t\t\t\t\t\t<\/div>\n\t\t\t\t\t\t\t<div class='uagb-post__text uagb-post__excerpt'>\n\t\t\t\t\tAfinal, o Que Dead Rising tem de t\u00e3o especial?\t\t\t\t<\/div>\n\t\t\t\n\t\t\t\t\t\t\t\t\t<\/article>\n\t\t\t\t\t\t\t\t\t\t\t\t\t\t\t\t<article class=\"uagb-post__inner-wrap\">\t\t\t\t\t\t\t\t<div class='uagb-post__image'>\n\t\t\t\t\t\t\t\t\t<a href=\"https:\/\/bigodegames.com.br\/index.php\/2024\/06\/05\/g-ceara-super-monaco-gp\/\" target=\"_self\" rel=\"bookmark noopener noreferrer\" class='uagb-image-ratio-inherit'><img decoding=\"async\" width=\"704\" height=\"396\" src=\"https:\/\/bigodegames.com.br\/wp-content\/uploads\/2024\/06\/Super_Monaco_GP_Capa.jpg\" class=\"attachment-large size-large\" alt=\"Capa de Super Monaco GP\" srcset=\"https:\/\/bigodegames.com.br\/wp-content\/uploads\/2024\/06\/Super_Monaco_GP_Capa.jpg 704w, https:\/\/bigodegames.com.br\/wp-content\/uploads\/2024\/06\/Super_Monaco_GP_Capa-300x169.jpg 300w\" sizes=\"(max-width: 704px) 100vw, 704px\" \/>\t\t\t\t\t<\/a>\n\t\t\t\t\t\t\t<\/div>\n\t\t\t\t\t\t<h4 class=\"uagb-post__title uagb-post__text\">\n\t\t\t\t<a href=\"https:\/\/bigodegames.com.br\/index.php\/2024\/06\/05\/g-ceara-super-monaco-gp\/\" target=\"_self\" rel=\"bookmark noopener noreferrer\">Derrotando O G. Ceara Em Super Monaco GP (Guia Definitivo)<\/a>\n\t\t\t<\/h4>\n\t\t\t\t\t\t<div class='uagb-post__text uagb-post-grid-byline'>\n\t\t\t\t\t\t\t<\/div>\n\t\t\t\t\t\t\t<div class='uagb-post__text uagb-post__excerpt'>\n\t\t\t\t\tVen\u00e7a o G. Ceara em Super Monaco GP de Mega Drive!\t\t\t\t<\/div>\n\t\t\t\n\t\t\t\t\t\t\t\t\t<\/article>\n\t\t\t\t\t\t\t\t\t\t\t<\/div>\n\t\t\t<\/div><\/section>\n\n\n\n<section class=\"wp-block-uagb-section uagb-section__wrap uagb-section__background-undefined uagb-block-bc36f31d\"><div class=\"uagb-section__overlay\"><\/div><div class=\"uagb-section__inner-wrap\">\n<div class=\"wp-block-uagb-info-box uagb-infobox__outer-wrap uagb-block-51f0e12c\"><div class=\"uagb-infobox__content-wrap uagb-infobox uagb-infobox-has-icon uagb-infobox-icon-above-title uagb-infobox-image-valign-top uagb-infobox-enable-border-radius \"><div class=\"uagb-ifb-left-right-wrap\"><div class=\"uagb-ifb-content\"><div class=\"uagb-ifb-title-wrap\"><h2 class=\"uagb-ifb-title\">CAUSOS E CR\u00d4NICAS<\/h2><\/div><div class=\"uagb-ifb-text-wrap\"><\/div><\/div><\/div><\/div><\/div>\n\n\n\n\t\t\t<div class=\"wp-block-uagb-post-grid uagb-post-grid  uagb-post__image-position-top uagb-post__image-enabled uagb-block-43d79381     uagb-post__items uagb-post__columns-3 is-grid uagb-post__columns-tablet-2 uagb-post__columns-mobile-1 uagb-post__equal-height\" data-total=\"6\" style=\"\">\n\n\t\t\t\t\t\t\t\t\t\t\t\t<article class=\"uagb-post__inner-wrap\">\t\t\t\t\t\t\t\t<div class='uagb-post__image'>\n\t\t\t\t\t\t\t\t\t<a href=\"https:\/\/bigodegames.com.br\/index.php\/2024\/02\/28\/vilao-se-deu-mal\/\" target=\"_self\" rel=\"bookmark noopener noreferrer\" class='uagb-image-ratio-inherit'><img decoding=\"async\" width=\"704\" height=\"396\" src=\"https:\/\/bigodegames.com.br\/wp-content\/uploads\/2024\/02\/Sunset_Riders_Capa.jpg\" class=\"attachment-large size-large\" alt=\"Arte de capa de Sunset Riders\" srcset=\"https:\/\/bigodegames.com.br\/wp-content\/uploads\/2024\/02\/Sunset_Riders_Capa.jpg 704w, https:\/\/bigodegames.com.br\/wp-content\/uploads\/2024\/02\/Sunset_Riders_Capa-300x169.jpg 300w\" sizes=\"(max-width: 704px) 100vw, 704px\" \/>\t\t\t\t\t<\/a>\n\t\t\t\t\t\t\t<\/div>\n\t\t\t\t\t\t<h4 class=\"uagb-post__title uagb-post__text\">\n\t\t\t\t<a href=\"https:\/\/bigodegames.com.br\/index.php\/2024\/02\/28\/vilao-se-deu-mal\/\" target=\"_self\" rel=\"bookmark noopener noreferrer\">O Dia Em Que O Vil\u00e3o Se Deu Mal<\/a>\n\t\t\t<\/h4>\n\t\t\t\t\t\t<div class='uagb-post__text uagb-post-grid-byline'>\n\t\t\t\t\t\t\t<\/div>\n\t\t\t\t\t\t\t<div class='uagb-post__text uagb-post__excerpt'>\n\t\t\t\t\tO Paco Loco da vida real?\nCompartilho hoje a vers\u00e3o completa de uma hist\u00f3ria da \u00e9poca&#8230;\t\t\t\t<\/div>\n\t\t\t\n\t\t\t\t\t\t\t\t\t<\/article>\n\t\t\t\t\t\t\t\t\t\t\t\t\t\t\t\t<article class=\"uagb-post__inner-wrap\">\t\t\t\t\t\t\t\t<div class='uagb-post__image'>\n\t\t\t\t\t\t\t\t\t<a href=\"https:\/\/bigodegames.com.br\/index.php\/2024\/01\/11\/phantasmagoria-o-jogo\/\" target=\"_self\" rel=\"bookmark noopener noreferrer\" class='uagb-image-ratio-inherit'><img decoding=\"async\" width=\"704\" height=\"396\" src=\"https:\/\/bigodegames.com.br\/wp-content\/uploads\/2024\/01\/Phantasmagoria_Capa.jpg\" class=\"attachment-large size-large\" alt=\"Arte de capa de Phantasmagoria\" srcset=\"https:\/\/bigodegames.com.br\/wp-content\/uploads\/2024\/01\/Phantasmagoria_Capa.jpg 704w, https:\/\/bigodegames.com.br\/wp-content\/uploads\/2024\/01\/Phantasmagoria_Capa-300x169.jpg 300w\" sizes=\"(max-width: 704px) 100vw, 704px\" \/>\t\t\t\t\t<\/a>\n\t\t\t\t\t\t\t<\/div>\n\t\t\t\t\t\t<h4 class=\"uagb-post__title uagb-post__text\">\n\t\t\t\t<a href=\"https:\/\/bigodegames.com.br\/index.php\/2024\/01\/11\/phantasmagoria-o-jogo\/\" target=\"_self\" rel=\"bookmark noopener noreferrer\">Phantasmagoria &#8211; O Jogo Que Aterrorizou Uma Gera\u00e7\u00e3o<\/a>\n\t\t\t<\/h4>\n\t\t\t\t\t\t<div class='uagb-post__text uagb-post-grid-byline'>\n\t\t\t\t\t\t\t<\/div>\n\t\t\t\t\t\t\t<div class='uagb-post__text uagb-post__excerpt'>\n\t\t\t\t\tUm relato sobre o dia em que vi Phantasmagoria de perto pela primeira vez.\t\t\t\t<\/div>\n\t\t\t\n\t\t\t\t\t\t\t\t\t<\/article>\n\t\t\t\t\t\t\t\t\t\t\t\t\t\t\t\t<article class=\"uagb-post__inner-wrap\">\t\t\t\t\t\t\t\t<div class='uagb-post__image'>\n\t\t\t\t\t\t\t\t\t<a href=\"https:\/\/bigodegames.com.br\/index.php\/2023\/11\/01\/super-mario-a-missao\/\" target=\"_self\" rel=\"bookmark noopener noreferrer\" class='uagb-image-ratio-inherit'><img decoding=\"async\" width=\"704\" height=\"396\" src=\"https:\/\/bigodegames.com.br\/wp-content\/uploads\/2023\/11\/Super_Mario_Bros_3.jpg\" class=\"attachment-large size-large\" alt=\"A cl\u00e1ssica capa de Super Mario Bros 3\" srcset=\"https:\/\/bigodegames.com.br\/wp-content\/uploads\/2023\/11\/Super_Mario_Bros_3.jpg 704w, https:\/\/bigodegames.com.br\/wp-content\/uploads\/2023\/11\/Super_Mario_Bros_3-300x169.jpg 300w\" sizes=\"(max-width: 704px) 100vw, 704px\" \/>\t\t\t\t\t<\/a>\n\t\t\t\t\t\t\t<\/div>\n\t\t\t\t\t\t<h4 class=\"uagb-post__title uagb-post__text\">\n\t\t\t\t<a href=\"https:\/\/bigodegames.com.br\/index.php\/2023\/11\/01\/super-mario-a-missao\/\" target=\"_self\" rel=\"bookmark noopener noreferrer\">Super Mario World &#8211; A Miss\u00e3o<\/a>\n\t\t\t<\/h4>\n\t\t\t\t\t\t<div class='uagb-post__text uagb-post-grid-byline'>\n\t\t\t\t\t\t\t<\/div>\n\t\t\t\t\t\t\t<div class='uagb-post__text uagb-post__excerpt'>\n\t\t\t\t\tO que aconteceria se um f\u00e3 da SEGA conhecesse Super Mario World em 2023?\nDescubra aqui!\t\t\t\t<\/div>\n\t\t\t\n\t\t\t\t\t\t\t\t\t<\/article>\n\t\t\t\t\t\t\t\t\t\t\t<\/div>\n\t\t\t<\/div><\/section>\n\n\n\n<section class=\"wp-block-uagb-section uagb-section__wrap uagb-section__background-undefined uagb-block-ff832c4b\"><div class=\"uagb-section__overlay\"><\/div><div class=\"uagb-section__inner-wrap\">\n<div class=\"wp-block-uagb-info-box uagb-infobox__outer-wrap uagb-block-7ad87e90\"><div class=\"uagb-infobox__content-wrap uagb-infobox uagb-infobox-has-icon uagb-infobox-icon-above-title uagb-infobox-image-valign-top uagb-infobox-enable-border-radius \"><div class=\"uagb-ifb-left-right-wrap\"><div class=\"uagb-ifb-content\"><div class=\"uagb-ifb-title-wrap\"><h2 class=\"uagb-ifb-title\">AN\u00c1LISES E IMPRESS\u00d5ES<\/h2><\/div><div class=\"uagb-ifb-text-wrap\"><\/div><\/div><\/div><\/div><\/div>\n\n\n\n\t\t\t<div class=\"wp-block-uagb-post-grid uagb-post-grid  uagb-post__image-position-top uagb-post__image-enabled uagb-block-c64a7e3a     uagb-post__items uagb-post__columns-3 is-grid uagb-post__columns-tablet-2 uagb-post__columns-mobile-1 uagb-post__equal-height\" data-total=\"7\" style=\"\">\n\n\t\t\t\t\t\t\t\t\t\t\t\t<article class=\"uagb-post__inner-wrap\">\t\t\t\t\t\t\t\t<div class='uagb-post__image'>\n\t\t\t\t\t\t\t\t\t<a href=\"https:\/\/bigodegames.com.br\/index.php\/2024\/09\/27\/bsword-reforged-review\/\" target=\"_self\" rel=\"bookmark noopener noreferrer\" class='uagb-image-ratio-inherit'><img decoding=\"async\" width=\"704\" height=\"396\" src=\"https:\/\/bigodegames.com.br\/wp-content\/uploads\/2024\/09\/Broken_Sword_Reforged_Capa.jpg\" class=\"attachment-large size-large\" alt=\"Capa de Broken Sword Shadow Of The Templars Reforged\" srcset=\"https:\/\/bigodegames.com.br\/wp-content\/uploads\/2024\/09\/Broken_Sword_Reforged_Capa.jpg 704w, https:\/\/bigodegames.com.br\/wp-content\/uploads\/2024\/09\/Broken_Sword_Reforged_Capa-300x169.jpg 300w\" sizes=\"(max-width: 704px) 100vw, 704px\" \/>\t\t\t\t\t<\/a>\n\t\t\t\t\t\t\t<\/div>\n\t\t\t\t\t\t<h4 class=\"uagb-post__title uagb-post__text\">\n\t\t\t\t<a href=\"https:\/\/bigodegames.com.br\/index.php\/2024\/09\/27\/bsword-reforged-review\/\" target=\"_self\" rel=\"bookmark noopener noreferrer\">Broken Sword &#8211; Shadow of the Templars: Reforged &#8211; An\u00e1lise | Review<\/a>\n\t\t\t<\/h4>\n\t\t\t\t\t\t<div class='uagb-post__text uagb-post-grid-byline'>\n\t\t\t\t\t\t\t<\/div>\n\t\t\t\t\t\t\t<div class='uagb-post__text uagb-post__excerpt'>\n\t\t\t\t\tA vers\u00e3o restaurada do cl\u00e1ssico Broken Sword!\t\t\t\t<\/div>\n\t\t\t\n\t\t\t\t\t\t\t\t\t<\/article>\n\t\t\t\t\t\t\t\t\t\t\t\t\t\t\t\t<article class=\"uagb-post__inner-wrap\">\t\t\t\t\t\t\t\t<div class='uagb-post__image'>\n\t\t\t\t\t\t\t\t\t<a href=\"https:\/\/bigodegames.com.br\/index.php\/2024\/04\/26\/turbo-kid-review\/\" target=\"_self\" rel=\"bookmark noopener noreferrer\" class='uagb-image-ratio-inherit'><img decoding=\"async\" width=\"704\" height=\"396\" src=\"https:\/\/bigodegames.com.br\/wp-content\/uploads\/2024\/04\/Turbo_Kid_Capa.jpg\" class=\"attachment-large size-large\" alt=\"Capa do jogo Turbo Kid\" srcset=\"https:\/\/bigodegames.com.br\/wp-content\/uploads\/2024\/04\/Turbo_Kid_Capa.jpg 704w, https:\/\/bigodegames.com.br\/wp-content\/uploads\/2024\/04\/Turbo_Kid_Capa-300x169.jpg 300w\" sizes=\"(max-width: 704px) 100vw, 704px\" \/>\t\t\t\t\t<\/a>\n\t\t\t\t\t\t\t<\/div>\n\t\t\t\t\t\t<h4 class=\"uagb-post__title uagb-post__text\">\n\t\t\t\t<a href=\"https:\/\/bigodegames.com.br\/index.php\/2024\/04\/26\/turbo-kid-review\/\" target=\"_self\" rel=\"bookmark noopener noreferrer\">Turbo Kid &#8211; An\u00e1lise | Review<\/a>\n\t\t\t<\/h4>\n\t\t\t\t\t\t<div class='uagb-post__text uagb-post-grid-byline'>\n\t\t\t\t\t\t\t<\/div>\n\t\t\t\t\t\t\t<div class='uagb-post__text uagb-post__excerpt'>\n\t\t\t\t\tTurbo Kid: apenas um garoto e sua bicicleta, nessa terra devastada.\t\t\t\t<\/div>\n\t\t\t\n\t\t\t\t\t\t\t\t\t<\/article>\n\t\t\t\t\t\t\t\t\t\t\t\t\t\t\t\t<article class=\"uagb-post__inner-wrap\">\t\t\t\t\t\t\t\t<div class='uagb-post__image'>\n\t\t\t\t\t\t\t\t\t<a href=\"https:\/\/bigodegames.com.br\/index.php\/2023\/11\/10\/horizon-chase-2-review\/\" target=\"_self\" rel=\"bookmark noopener noreferrer\" class='uagb-image-ratio-inherit'><img decoding=\"async\" width=\"704\" height=\"396\" src=\"https:\/\/bigodegames.com.br\/wp-content\/uploads\/2023\/11\/Horizon_Chase2_Capa.jpeg\" class=\"attachment-large size-large\" alt=\"Capa de Horizon Chase 2\" srcset=\"https:\/\/bigodegames.com.br\/wp-content\/uploads\/2023\/11\/Horizon_Chase2_Capa.jpeg 704w, https:\/\/bigodegames.com.br\/wp-content\/uploads\/2023\/11\/Horizon_Chase2_Capa-300x169.jpeg 300w\" sizes=\"(max-width: 704px) 100vw, 704px\" \/>\t\t\t\t\t<\/a>\n\t\t\t\t\t\t\t<\/div>\n\t\t\t\t\t\t<h4 class=\"uagb-post__title uagb-post__text\">\n\t\t\t\t<a href=\"https:\/\/bigodegames.com.br\/index.php\/2023\/11\/10\/horizon-chase-2-review\/\" target=\"_self\" rel=\"bookmark noopener noreferrer\">Horizon Chase 2 &#8211; An\u00e1lise | Review<\/a>\n\t\t\t<\/h4>\n\t\t\t\t\t\t<div class='uagb-post__text uagb-post-grid-byline'>\n\t\t\t\t\t\t\t<\/div>\n\t\t\t\t\t\t\t<div class='uagb-post__text uagb-post__excerpt'>\n\t\t\t\t\tSer\u00e1 que valeu a pena esperar pela vers\u00e3o PC de Horizon Chase 2?\t\t\t\t<\/div>\n\t\t\t\n\t\t\t\t\t\t\t\t\t<\/article>\n\t\t\t\t\t\t\t\t\t\t\t<\/div>\n\t\t\t<\/div><\/section>\n","protected":false},"excerpt":{"rendered":"","protected":false},"author":1,"featured_media":0,"parent":0,"menu_order":0,"comment_status":"closed","ping_status":"closed","template":"","meta":{"_uag_custom_page_level_css":"","site-sidebar-layout":"default","site-content-layout":"page-builder","ast-site-content-layout":"default","site-content-style":"default","site-sidebar-style":"default","ast-global-header-display":"","ast-banner-title-visibility":"","ast-main-header-display":"","ast-hfb-above-header-display":"","ast-hfb-below-header-display":"","ast-hfb-mobile-header-display":"","site-post-title":"disabled","ast-breadcrumbs-content":"","ast-featured-img":"","footer-sml-layout":"","ast-disable-related-posts":"","theme-transparent-header-meta":"default","adv-header-id-meta":"","stick-header-meta":"","header-above-stick-meta":"","header-main-stick-meta":"","header-below-stick-meta":"","astra-migrate-meta-layouts":"default","ast-page-background-enabled":"default","ast-page-background-meta":{"desktop":{"background-color":"","background-image":"","background-repeat":"repeat","background-position":"center center","background-size":"auto","background-attachment":"scroll","background-type":"","background-media":"","overlay-type":"","overlay-color":"","overlay-opacity":"","overlay-gradient":""},"tablet":{"background-color":"","background-image":"","background-repeat":"repeat","background-position":"center center","background-size":"auto","background-attachment":"scroll","background-type":"","background-media":"","overlay-type":"","overlay-color":"","overlay-opacity":"","overlay-gradient":""},"mobile":{"background-color":"","background-image":"","background-repeat":"repeat","background-position":"center center","background-size":"auto","background-attachment":"scroll","background-type":"","background-media":"","overlay-type":"","overlay-color":"","overlay-opacity":"","overlay-gradient":""}},"ast-content-background-meta":{"desktop":{"background-color":"var(--ast-global-color-5)","background-image":"","background-repeat":"repeat","background-position":"center center","background-size":"auto","background-attachment":"scroll","background-type":"","background-media":"","overlay-type":"","overlay-color":"","overlay-opacity":"","overlay-gradient":""},"tablet":{"background-color":"var(--ast-global-color-5)","background-image":"","background-repeat":"repeat","background-position":"center center","background-size":"auto","background-attachment":"scroll","background-type":"","background-media":"","overlay-type":"","overlay-color":"","overlay-opacity":"","overlay-gradient":""},"mobile":{"background-color":"var(--ast-global-color-5)","background-image":"","background-repeat":"repeat","background-position":"center center","background-size":"auto","background-attachment":"scroll","background-type":"","background-media":"","overlay-type":"","overlay-color":"","overlay-opacity":"","overlay-gradient":""}},"footnotes":""},"class_list":["post-20","page","type-page","status-publish","hentry"],"uagb_featured_image_src":{"full":false,"thumbnail":false,"medium":false,"medium_large":false,"large":false,"1536x1536":false,"2048x2048":false,"crp_thumbnail":false},"uagb_author_info":{"display_name":"Reda\u00e7\u00e3o Bigode Games","author_link":"https:\/\/bigodegames.com.br\/author\/ultrabigodegmail-com\/"},"uagb_comment_info":0,"uagb_excerpt":null,"_links":{"self":[{"href":"https:\/\/bigodegames.com.br\/index.php\/wp-json\/wp\/v2\/pages\/20","targetHints":{"allow":["GET"]}}],"collection":[{"href":"https:\/\/bigodegames.com.br\/index.php\/wp-json\/wp\/v2\/pages"}],"about":[{"href":"https:\/\/bigodegames.com.br\/index.php\/wp-json\/wp\/v2\/types\/page"}],"author":[{"embeddable":true,"href":"https:\/\/bigodegames.com.br\/index.php\/wp-json\/wp\/v2\/users\/1"}],"replies":[{"embeddable":true,"href":"https:\/\/bigodegames.com.br\/index.php\/wp-json\/wp\/v2\/comments?post=20"}],"version-history":[{"count":0,"href":"https:\/\/bigodegames.com.br\/index.php\/wp-json\/wp\/v2\/pages\/20\/revisions"}],"wp:attachment":[{"href":"https:\/\/bigodegames.com.br\/index.php\/wp-json\/wp\/v2\/media?parent=20"}],"curies":[{"name":"wp","href":"https:\/\/api.w.org\/{rel}","templated":true}]}}