{"id":18,"date":"2021-06-03T15:25:39","date_gmt":"2021-06-03T18:25:39","guid":{"rendered":"https:\/\/bigodegames.com.br\/?page_id=18"},"modified":"2021-08-11T19:34:17","modified_gmt":"2021-08-11T22:34:17","slug":"bigode-games-e-video","status":"publish","type":"page","link":"https:\/\/bigodegames.com.br\/index.php\/bigode-games-e-video\/","title":{"rendered":"Bigode Games e V\u00eddeo"},"content":{"rendered":"\n<div style=\"height:20px\" aria-hidden=\"true\" class=\"wp-block-spacer\"><\/div>\n\n\n\n<section class=\"wp-block-uagb-section uagb-section__wrap uagb-section__background-undefined uagb-block-1e9770b2\"><div class=\"uagb-section__overlay\"><\/div><div class=\"uagb-section__inner-wrap\">\n<h1 class=\"has-text-align-center wp-block-heading\">Confira os nossos destaques e o que estamos jogando no momento!<\/h1>\n<\/div><\/section>\n\n\n\n<div style=\"height:20px\" aria-hidden=\"true\" class=\"wp-block-spacer\"><\/div>\n\n\n\n<section class=\"wp-block-uagb-section uagb-section__wrap uagb-section__background-image uagb-block-6f519bb6\"><div class=\"uagb-section__overlay\"><\/div><div class=\"uagb-section__inner-wrap\">\n<div class=\"wp-block-uagb-info-box uagb-infobox__outer-wrap uagb-block-fa9145d0\"><div class=\"uagb-infobox__content-wrap uagb-infobox uagb-infobox-has-icon uagb-infobox-icon-above-title uagb-infobox-image-valign-top uagb-infobox-enable-border-radius \"><div class=\"uagb-ifb-left-right-wrap\"><div class=\"uagb-ifb-content\"><div class=\"uagb-ifb-title-wrap\"><h2 class=\"uagb-ifb-title\">JOGOS EM FOCO<\/h2><\/div><div class=\"uagb-ifb-text-wrap\"><\/div><\/div><\/div><\/div><\/div>\n\n\n\n\t\t\t<div class=\"wp-block-uagb-post-grid uagb-post-grid  uagb-post__image-position-top uagb-post__image-enabled uagb-block-3377ac05     uagb-post__items uagb-post__columns-3 is-grid uagb-post__columns-tablet-2 uagb-post__columns-mobile-1 uagb-post__equal-height\" data-total=\"3\" style=\"\">\n\n\t\t\t\t\t\t\t\t\t\t\t\t<article class=\"uagb-post__inner-wrap\">\t\t\t\t\t\t\t\t<div class='uagb-post__image'>\n\t\t\t\t\t\t\t\t\t<a href=\"https:\/\/bigodegames.com.br\/index.php\/2024\/01\/18\/michael-jordan-chaos\/\" target=\"_self\" rel=\"bookmark noopener noreferrer\" class='uagb-image-ratio-inherit'><img decoding=\"async\" width=\"704\" height=\"396\" src=\"https:\/\/bigodegames.com.br\/wp-content\/uploads\/2024\/01\/Michael_Jordan_Chaos_In_The_Wind_City_Capa.jpg\" class=\"attachment-large size-large\" alt=\"Arte de capa de Michael Jordan Chaos In The Wind City\" srcset=\"https:\/\/bigodegames.com.br\/wp-content\/uploads\/2024\/01\/Michael_Jordan_Chaos_In_The_Wind_City_Capa.jpg 704w, https:\/\/bigodegames.com.br\/wp-content\/uploads\/2024\/01\/Michael_Jordan_Chaos_In_The_Wind_City_Capa-300x169.jpg 300w\" sizes=\"(max-width: 704px) 100vw, 704px\" \/>\t\t\t\t\t<\/a>\n\t\t\t\t\t\t\t<\/div>\n\t\t\t\t\t\t<h4 class=\"uagb-post__title uagb-post__text\">\n\t\t\t\t<a href=\"https:\/\/bigodegames.com.br\/index.php\/2024\/01\/18\/michael-jordan-chaos\/\" target=\"_self\" rel=\"bookmark noopener noreferrer\">Michael Jordan Chaos In The Wind City<\/a>\n\t\t\t<\/h4>\n\t\t\t\t\t\t<div class='uagb-post__text uagb-post-grid-byline'>\n\t\t\t\t\t\t\t<\/div>\n\t\t\t\t\t\t\t<div class='uagb-post__text uagb-post__excerpt'>\n\t\t\t\t\tMichael Jordan Chaos In The Wind City: mais do que um bom jogo, um peda\u00e7o&#8230;\t\t\t\t<\/div>\n\t\t\t\n\t\t\t\t\t\t\t\t\t<\/article>\n\t\t\t\t\t\t\t\t\t\t\t\t\t\t\t\t<article class=\"uagb-post__inner-wrap\">\t\t\t\t\t\t\t\t<div class='uagb-post__image'>\n\t\t\t\t\t\t\t\t\t<a href=\"https:\/\/bigodegames.com.br\/index.php\/2022\/05\/29\/circuit-superstars-mini\/\" target=\"_self\" rel=\"bookmark noopener noreferrer\" class='uagb-image-ratio-inherit'><img decoding=\"async\" width=\"704\" height=\"396\" src=\"https:\/\/bigodegames.com.br\/wp-content\/uploads\/2022\/05\/Circuit_Superstars_Capa.jpg\" class=\"attachment-large size-large\" alt=\"A bela capa de Circuit Superstars\" srcset=\"https:\/\/bigodegames.com.br\/wp-content\/uploads\/2022\/05\/Circuit_Superstars_Capa.jpg 704w, https:\/\/bigodegames.com.br\/wp-content\/uploads\/2022\/05\/Circuit_Superstars_Capa-300x169.jpg 300w\" sizes=\"(max-width: 704px) 100vw, 704px\" \/>\t\t\t\t\t<\/a>\n\t\t\t\t\t\t\t<\/div>\n\t\t\t\t\t\t<h4 class=\"uagb-post__title uagb-post__text\">\n\t\t\t\t<a href=\"https:\/\/bigodegames.com.br\/index.php\/2022\/05\/29\/circuit-superstars-mini\/\" target=\"_self\" rel=\"bookmark noopener noreferrer\">Circuit Superstars &#8211; Review Expresso<\/a>\n\t\t\t<\/h4>\n\t\t\t\t\t\t<div class='uagb-post__text uagb-post-grid-byline'>\n\t\t\t\t\t\t\t<\/div>\n\t\t\t\t\t\t\t<div class='uagb-post__text uagb-post__excerpt'>\n\t\t\t\t\tAproveitando o fim de semana gratuito, trouxe minhas impress\u00f5es sobre Circuit Superstars.\t\t\t\t<\/div>\n\t\t\t\n\t\t\t\t\t\t\t\t\t<\/article>\n\t\t\t\t\t\t\t\t\t\t\t\t\t\t\t\t<article class=\"uagb-post__inner-wrap\">\t\t\t\t\t\t\t\t<div class='uagb-post__image'>\n\t\t\t\t\t\t\t\t\t<a href=\"https:\/\/bigodegames.com.br\/index.php\/2022\/04\/01\/wreckfest-jef\/\" target=\"_self\" rel=\"bookmark noopener noreferrer\" class='uagb-image-ratio-inherit'><img decoding=\"async\" width=\"704\" height=\"396\" src=\"https:\/\/bigodegames.com.br\/wp-content\/uploads\/2022\/04\/Wreckfest_Art.jpg\" class=\"attachment-large size-large\" alt=\"Arte de Capa do Jogo Wreckfest\" srcset=\"https:\/\/bigodegames.com.br\/wp-content\/uploads\/2022\/04\/Wreckfest_Art.jpg 704w, https:\/\/bigodegames.com.br\/wp-content\/uploads\/2022\/04\/Wreckfest_Art-300x169.jpg 300w\" sizes=\"(max-width: 704px) 100vw, 704px\" \/>\t\t\t\t\t<\/a>\n\t\t\t\t\t\t\t<\/div>\n\t\t\t\t\t\t<h4 class=\"uagb-post__title uagb-post__text\">\n\t\t\t\t<a href=\"https:\/\/bigodegames.com.br\/index.php\/2022\/04\/01\/wreckfest-jef\/\" target=\"_self\" rel=\"bookmark noopener noreferrer\">Wreckfest: Jogo em Foco<\/a>\n\t\t\t<\/h4>\n\t\t\t\t\t\t<div class='uagb-post__text uagb-post-grid-byline'>\n\t\t\t\t\t\t\t<\/div>\n\t\t\t\t\t\t\t<div class='uagb-post__text uagb-post__excerpt'>\n\t\t\t\t\tWreckfest \u00e9 nosso jogo em foco.\nConhe\u00e7a este Playground da destrui\u00e7\u00e3o motorizada.\t\t\t\t<\/div>\n\t\t\t\n\t\t\t\t\t\t\t\t\t<\/article>\n\t\t\t\t\t\t\t\t\t\t\t<\/div>\n\t\t\t<\/div><\/section>\n\n\n\n<section class=\"wp-block-uagb-section uagb-section__wrap uagb-section__background-undefined uagb-block-f3ff87f1\"><div class=\"uagb-section__overlay\"><\/div><div class=\"uagb-section__inner-wrap\">\n<div class=\"wp-block-uagb-info-box uagb-infobox__outer-wrap uagb-block-3855695b\"><div class=\"uagb-infobox__content-wrap uagb-infobox uagb-infobox-has-icon uagb-infobox-icon-above-title uagb-infobox-image-valign-top uagb-infobox-enable-border-radius \"><div class=\"uagb-ifb-left-right-wrap\"><div class=\"uagb-ifb-content\"><div class=\"uagb-ifb-title-wrap\"><h2 class=\"uagb-ifb-title\">BALC\u00c3O DA LOCADORA<\/h2><\/div><div class=\"uagb-ifb-text-wrap\"><\/div><\/div><\/div><\/div><\/div>\n\n\n\n\t\t\t<div class=\"wp-block-uagb-post-grid uagb-post-grid  uagb-post__image-position-top uagb-post__image-enabled uagb-block-4e3e3006     uagb-post__items uagb-post__columns-3 is-grid uagb-post__columns-tablet-2 uagb-post__columns-mobile-1 uagb-post__equal-height\" data-total=\"2\" style=\"\">\n\n\t\t\t\t\t\t\t\t\t\t\t\t<article class=\"uagb-post__inner-wrap\">\t\t\t\t\t\t\t\t<div class='uagb-post__image'>\n\t\t\t\t\t\t\t\t\t<a href=\"https:\/\/bigodegames.com.br\/index.php\/2021\/10\/27\/o-que-jogar-no-halloween\/\" target=\"_self\" rel=\"bookmark noopener noreferrer\" class='uagb-image-ratio-inherit'><img decoding=\"async\" width=\"704\" height=\"396\" src=\"https:\/\/bigodegames.com.br\/wp-content\/uploads\/2021\/10\/Abobora_Halloween.jpg\" class=\"attachment-large size-large\" alt=\"Ab\u00f3bora de Halloween\" srcset=\"https:\/\/bigodegames.com.br\/wp-content\/uploads\/2021\/10\/Abobora_Halloween.jpg 704w, https:\/\/bigodegames.com.br\/wp-content\/uploads\/2021\/10\/Abobora_Halloween-300x169.jpg 300w\" sizes=\"(max-width: 704px) 100vw, 704px\" \/>\t\t\t\t\t<\/a>\n\t\t\t\t\t\t\t<\/div>\n\t\t\t\t\t\t<h4 class=\"uagb-post__title uagb-post__text\">\n\t\t\t\t<a href=\"https:\/\/bigodegames.com.br\/index.php\/2021\/10\/27\/o-que-jogar-no-halloween\/\" target=\"_self\" rel=\"bookmark noopener noreferrer\">O que Jogar no Halloween? Trouxemos 7 Sugest\u00f5es!<\/a>\n\t\t\t<\/h4>\n\t\t\t\t\t\t<div class='uagb-post__text uagb-post-grid-byline'>\n\t\t\t\t\t\t\t<\/div>\n\t\t\t\t\t\t\t<div class='uagb-post__text uagb-post__excerpt'>\n\t\t\t\t\tUma sele\u00e7\u00e3o do Bigode que traz recomenda\u00e7\u00f5es de jogos assustadores (ou n\u00e3o) para jogar no&#8230;\t\t\t\t<\/div>\n\t\t\t\n\t\t\t\t\t\t\t\t\t<\/article>\n\t\t\t\t\t\t\t\t\t\t\t\t\t\t\t\t<article class=\"uagb-post__inner-wrap\">\t\t\t\t\t\t\t\t<div class='uagb-post__image'>\n\t\t\t\t\t\t\t\t\t<a href=\"https:\/\/bigodegames.com.br\/index.php\/2021\/07\/08\/wrestling-empire\/\" target=\"_self\" rel=\"bookmark noopener noreferrer\" class='uagb-image-ratio-inherit'><img decoding=\"async\" width=\"704\" height=\"396\" src=\"https:\/\/bigodegames.com.br\/wp-content\/uploads\/2021\/07\/Wrestling_Empire_Capa.jpg\" class=\"attachment-large size-large\" alt=\"Capa do jogo Wrestling Empire\" srcset=\"https:\/\/bigodegames.com.br\/wp-content\/uploads\/2021\/07\/Wrestling_Empire_Capa.jpg 704w, https:\/\/bigodegames.com.br\/wp-content\/uploads\/2021\/07\/Wrestling_Empire_Capa-300x169.jpg 300w\" sizes=\"(max-width: 704px) 100vw, 704px\" \/>\t\t\t\t\t<\/a>\n\t\t\t\t\t\t\t<\/div>\n\t\t\t\t\t\t<h4 class=\"uagb-post__title uagb-post__text\">\n\t\t\t\t<a href=\"https:\/\/bigodegames.com.br\/index.php\/2021\/07\/08\/wrestling-empire\/\" target=\"_self\" rel=\"bookmark noopener noreferrer\">Balc\u00e3o da locadora: Wrestling Empire<\/a>\n\t\t\t<\/h4>\n\t\t\t\t\t\t<div class='uagb-post__text uagb-post-grid-byline'>\n\t\t\t\t\t\t\t<\/div>\n\t\t\t\t\t\t\t<div class='uagb-post__text uagb-post__excerpt'>\n\t\t\t\t\tLiberdade, pancadaria e muitas risadas:\nConhe\u00e7a Wrestling Empire, o jogo que tem feito a nossa alegria!\t\t\t\t<\/div>\n\t\t\t\n\t\t\t\t\t\t\t\t\t<\/article>\n\t\t\t\t\t\t\t\t\t\t\t\t\t\t\t\t<article class=\"uagb-post__inner-wrap\">\t\t\t\t\t\t\t\t<div class='uagb-post__image'>\n\t\t\t\t\t\t\t\t\t<a href=\"https:\/\/bigodegames.com.br\/index.php\/2021\/06\/23\/balcao-sonic-mania\/\" target=\"_self\" rel=\"bookmark noopener noreferrer\" class='uagb-image-ratio-inherit'><img decoding=\"async\" width=\"704\" height=\"396\" src=\"https:\/\/bigodegames.com.br\/wp-content\/uploads\/2021\/06\/Sonic_Mania.jpg\" class=\"attachment-large size-large\" alt=\"Sonic, Tails, Knuckles, Ray, Mighty e Metal Sonic em ilustra\u00e7\u00e3o do jogo Sonic Mania\" srcset=\"https:\/\/bigodegames.com.br\/wp-content\/uploads\/2021\/06\/Sonic_Mania.jpg 704w, https:\/\/bigodegames.com.br\/wp-content\/uploads\/2021\/06\/Sonic_Mania-300x169.jpg 300w\" sizes=\"(max-width: 704px) 100vw, 704px\" \/>\t\t\t\t\t<\/a>\n\t\t\t\t\t\t\t<\/div>\n\t\t\t\t\t\t<h4 class=\"uagb-post__title uagb-post__text\">\n\t\t\t\t<a href=\"https:\/\/bigodegames.com.br\/index.php\/2021\/06\/23\/balcao-sonic-mania\/\" target=\"_self\" rel=\"bookmark noopener noreferrer\">Balc\u00e3o da Locadora: Sonic Mania<\/a>\n\t\t\t<\/h4>\n\t\t\t\t\t\t<div class='uagb-post__text uagb-post-grid-byline'>\n\t\t\t\t\t\t\t<\/div>\n\t\t\t\t\t\t\t<div class='uagb-post__text uagb-post__excerpt'>\n\t\t\t\t\tUm jogo antigo com estilo novo ou um jogo novo com estilo antigo?\nHoje falaremos sobre&#8230;\t\t\t\t<\/div>\n\t\t\t\n\t\t\t\t\t\t\t\t\t<\/article>\n\t\t\t\t\t\t\t\t\t\t\t<\/div>\n\t\t\t<\/div><\/section>\n\n\n\n<section class=\"wp-block-uagb-section uagb-section__wrap uagb-section__background-undefined uagb-block-d3f489e1\"><div class=\"uagb-section__overlay\"><\/div><div class=\"uagb-section__inner-wrap\">\n<div class=\"wp-block-uagb-info-box uagb-infobox__outer-wrap uagb-block-fb920305\"><div class=\"uagb-infobox__content-wrap uagb-infobox uagb-infobox-has-icon uagb-infobox-icon-above-title uagb-infobox-image-valign-top uagb-infobox-enable-border-radius \"><div class=\"uagb-ifb-left-right-wrap\"><div class=\"uagb-ifb-content\"><div class=\"uagb-ifb-title-wrap\"><h2 class=\"uagb-ifb-title\">RETROVISOR<\/h2><\/div><div class=\"uagb-ifb-text-wrap\"><\/div><\/div><\/div><\/div><\/div>\n\n\n\n\t\t\t<div class=\"wp-block-uagb-post-grid uagb-post-grid  uagb-post__image-position-top uagb-post__image-enabled uagb-block-f634c73b     uagb-post__items uagb-post__columns-3 is-grid uagb-post__columns-tablet-2 uagb-post__columns-mobile-1 uagb-post__equal-height\" data-total=\"2\" style=\"\">\n\n\t\t\t\t\t\t\t\t\t\t\t\t<article class=\"uagb-post__inner-wrap\">\t\t\t\t\t\t\t\t<div class='uagb-post__image'>\n\t\t\t\t\t\t\t\t\t<a href=\"https:\/\/bigodegames.com.br\/index.php\/2024\/01\/18\/michael-jordan-chaos\/\" target=\"_self\" rel=\"bookmark noopener noreferrer\" class='uagb-image-ratio-inherit'><img decoding=\"async\" width=\"704\" height=\"396\" src=\"https:\/\/bigodegames.com.br\/wp-content\/uploads\/2024\/01\/Michael_Jordan_Chaos_In_The_Wind_City_Capa.jpg\" class=\"attachment-large size-large\" alt=\"Arte de capa de Michael Jordan Chaos In The Wind City\" srcset=\"https:\/\/bigodegames.com.br\/wp-content\/uploads\/2024\/01\/Michael_Jordan_Chaos_In_The_Wind_City_Capa.jpg 704w, https:\/\/bigodegames.com.br\/wp-content\/uploads\/2024\/01\/Michael_Jordan_Chaos_In_The_Wind_City_Capa-300x169.jpg 300w\" sizes=\"(max-width: 704px) 100vw, 704px\" \/>\t\t\t\t\t<\/a>\n\t\t\t\t\t\t\t<\/div>\n\t\t\t\t\t\t<h4 class=\"uagb-post__title uagb-post__text\">\n\t\t\t\t<a href=\"https:\/\/bigodegames.com.br\/index.php\/2024\/01\/18\/michael-jordan-chaos\/\" target=\"_self\" rel=\"bookmark noopener noreferrer\">Michael Jordan Chaos In The Wind City<\/a>\n\t\t\t<\/h4>\n\t\t\t\t\t\t<div class='uagb-post__text uagb-post-grid-byline'>\n\t\t\t\t\t\t\t<\/div>\n\t\t\t\t\t\t\t<div class='uagb-post__text uagb-post__excerpt'>\n\t\t\t\t\tMichael Jordan Chaos In The Wind City: mais do que um bom jogo, um peda\u00e7o&#8230;\t\t\t\t<\/div>\n\t\t\t\n\t\t\t\t\t\t\t\t\t<\/article>\n\t\t\t\t\t\t\t\t\t\t\t\t\t\t\t\t<article class=\"uagb-post__inner-wrap\">\t\t\t\t\t\t\t\t<div class='uagb-post__image'>\n\t\t\t\t\t\t\t\t\t<a href=\"https:\/\/bigodegames.com.br\/index.php\/2022\/02\/25\/cyborg-justice-md\/\" target=\"_self\" rel=\"bookmark noopener noreferrer\" class='uagb-image-ratio-inherit'><img decoding=\"async\" width=\"704\" height=\"396\" src=\"https:\/\/bigodegames.com.br\/wp-content\/uploads\/2022\/02\/Cyborg_Justice_Tela_Principal.jpg\" class=\"attachment-large size-large\" alt=\"Tela de Apresenta\u00e7\u00e3o de Cyborg Justice\" srcset=\"https:\/\/bigodegames.com.br\/wp-content\/uploads\/2022\/02\/Cyborg_Justice_Tela_Principal.jpg 704w, https:\/\/bigodegames.com.br\/wp-content\/uploads\/2022\/02\/Cyborg_Justice_Tela_Principal-300x169.jpg 300w\" sizes=\"(max-width: 704px) 100vw, 704px\" \/>\t\t\t\t\t<\/a>\n\t\t\t\t\t\t\t<\/div>\n\t\t\t\t\t\t<h4 class=\"uagb-post__title uagb-post__text\">\n\t\t\t\t<a href=\"https:\/\/bigodegames.com.br\/index.php\/2022\/02\/25\/cyborg-justice-md\/\" target=\"_self\" rel=\"bookmark noopener noreferrer\">Cyborg Justice (Mega Drive)<\/a>\n\t\t\t<\/h4>\n\t\t\t\t\t\t<div class='uagb-post__text uagb-post-grid-byline'>\n\t\t\t\t\t\t\t<\/div>\n\t\t\t\t\t\t\t<div class='uagb-post__text uagb-post__excerpt'>\n\t\t\t\t\tCyborg Justice \u00e9 um cl\u00e1ssico de Mega Drive que parece ter ca\u00eddo no esquecimento.\nAjude-nos a&#8230;\t\t\t\t<\/div>\n\t\t\t\n\t\t\t\t\t\t\t\t\t<\/article>\n\t\t\t\t\t\t\t\t\t\t\t<\/div>\n\t\t\t<\/div><\/section>\n","protected":false},"excerpt":{"rendered":"","protected":false},"author":1,"featured_media":0,"parent":0,"menu_order":0,"comment_status":"closed","ping_status":"closed","template":"","meta":{"_uag_custom_page_level_css":"","site-sidebar-layout":"default","site-content-layout":"page-builder","ast-site-content-layout":"default","site-content-style":"default","site-sidebar-style":"default","ast-global-header-display":"","ast-banner-title-visibility":"","ast-main-header-display":"","ast-hfb-above-header-display":"","ast-hfb-below-header-display":"","ast-hfb-mobile-header-display":"","site-post-title":"disabled","ast-breadcrumbs-content":"","ast-featured-img":"","footer-sml-layout":"","ast-disable-related-posts":"","theme-transparent-header-meta":"default","adv-header-id-meta":"","stick-header-meta":"","header-above-stick-meta":"","header-main-stick-meta":"","header-below-stick-meta":"","astra-migrate-meta-layouts":"default","ast-page-background-enabled":"default","ast-page-background-meta":{"desktop":{"background-color":"","background-image":"","background-repeat":"repeat","background-position":"center center","background-size":"auto","background-attachment":"scroll","background-type":"","background-media":"","overlay-type":"","overlay-color":"","overlay-opacity":"","overlay-gradient":""},"tablet":{"background-color":"","background-image":"","background-repeat":"repeat","background-position":"center center","background-size":"auto","background-attachment":"scroll","background-type":"","background-media":"","overlay-type":"","overlay-color":"","overlay-opacity":"","overlay-gradient":""},"mobile":{"background-color":"","background-image":"","background-repeat":"repeat","background-position":"center center","background-size":"auto","background-attachment":"scroll","background-type":"","background-media":"","overlay-type":"","overlay-color":"","overlay-opacity":"","overlay-gradient":""}},"ast-content-background-meta":{"desktop":{"background-color":"var(--ast-global-color-5)","background-image":"","background-repeat":"repeat","background-position":"center center","background-size":"auto","background-attachment":"scroll","background-type":"","background-media":"","overlay-type":"","overlay-color":"","overlay-opacity":"","overlay-gradient":""},"tablet":{"background-color":"var(--ast-global-color-5)","background-image":"","background-repeat":"repeat","background-position":"center center","background-size":"auto","background-attachment":"scroll","background-type":"","background-media":"","overlay-type":"","overlay-color":"","overlay-opacity":"","overlay-gradient":""},"mobile":{"background-color":"var(--ast-global-color-5)","background-image":"","background-repeat":"repeat","background-position":"center center","background-size":"auto","background-attachment":"scroll","background-type":"","background-media":"","overlay-type":"","overlay-color":"","overlay-opacity":"","overlay-gradient":""}},"footnotes":""},"class_list":["post-18","page","type-page","status-publish","hentry"],"uagb_featured_image_src":{"full":false,"thumbnail":false,"medium":false,"medium_large":false,"large":false,"1536x1536":false,"2048x2048":false,"crp_thumbnail":false},"uagb_author_info":{"display_name":"Reda\u00e7\u00e3o Bigode Games","author_link":"https:\/\/bigodegames.com.br\/author\/ultrabigodegmail-com\/"},"uagb_comment_info":0,"uagb_excerpt":null,"_links":{"self":[{"href":"https:\/\/bigodegames.com.br\/index.php\/wp-json\/wp\/v2\/pages\/18","targetHints":{"allow":["GET"]}}],"collection":[{"href":"https:\/\/bigodegames.com.br\/index.php\/wp-json\/wp\/v2\/pages"}],"about":[{"href":"https:\/\/bigodegames.com.br\/index.php\/wp-json\/wp\/v2\/types\/page"}],"author":[{"embeddable":true,"href":"https:\/\/bigodegames.com.br\/index.php\/wp-json\/wp\/v2\/users\/1"}],"replies":[{"embeddable":true,"href":"https:\/\/bigodegames.com.br\/index.php\/wp-json\/wp\/v2\/comments?post=18"}],"version-history":[{"count":0,"href":"https:\/\/bigodegames.com.br\/index.php\/wp-json\/wp\/v2\/pages\/18\/revisions"}],"wp:attachment":[{"href":"https:\/\/bigodegames.com.br\/index.php\/wp-json\/wp\/v2\/media?parent=18"}],"curies":[{"name":"wp","href":"https:\/\/api.w.org\/{rel}","templated":true}]}}